{"id":3,"date":"2023-04-04T15:47:58","date_gmt":"2023-04-04T15:47:58","guid":{"rendered":"https:\/\/grupcif.com\/?page_id=3"},"modified":"2025-04-08T15:47:14","modified_gmt":"2025-04-08T15:47:14","slug":"politica-privacidad","status":"publish","type":"page","link":"https:\/\/grupcif.com\/es\/politica-privacidad\/","title":{"rendered":"Pol\u00edtica de privacidad"},"content":{"rendered":"<h1 style=\"text-align: center;\">Pol\u00edtica de privacidad<\/h1>\n<p>CENTRAL INDUSTRIAL DEL FRED CIF, SL garantiza la privacidad de los datos de car\u00e1cter personal aportados, seg\u00fan el Reglamento General de Protecci\u00f3n de Datos (RGPD).<\/p>\n<p>La visita a esta p\u00e1gina web no supone que el usuario est\u00e9 obligado a facilitar ninguna informaci\u00f3n sobre s\u00ed mismo, no obstante, durante la visita es posible que se soliciten datos de car\u00e1cter personal a trav\u00e9s de formularios.<\/p>\n<p>Dichos datos ser\u00e1n incorporados a un fichero responsabilidad de CENTRAL INDUSTRIAL DEL FRED CIF, SL y ser\u00e1n utilizados para las siguientes finalidades; <u>contestar las solicitudes<\/u> realizadas por su parte, <u>para enviarles informaci\u00f3n de nuestra empresa<\/u> y <u>servicios solicitados u ofertados<\/u> por cualquier medio de comunicaci\u00f3n. Para dar cumplimiento a las solicitudes, el interesado autoriza a CENTRAL INDUSTRIAL DEL FRED CIF, SL a ceder sus datos a las empresas asociadas o colaboradoras con las cuales existen contratos de prestaci\u00f3n de servicios relacionados con la actividad, como estipula la normativa vigente en los art\u00edculos 10, 11 y 12 del RGPD, con la <u>finalidad de prestar un adecuado servicio en base a las peticiones realizadas por usted<\/u>. Al enviarnos dicho formulario, usted est\u00e1 aceptando expl\u00edcitamente la recepci\u00f3n y tratamiento de los mismos para las finalidades expresadas. Estos datos se cancelar\u00e1n a petici\u00f3n suya o una vez satisfecha la finalidad para la que fueron recabados.<\/p>\n<p><strong>C\u00f3mo ejercitar los derechos:<\/strong> Los usuarios pueden dirigir una comunicaci\u00f3n por escrito a con domicilio en AVD. LA RIERA 34. LOCAL 1, 08960 SANT JUST DESVERN, BARCELONA, o a la direcci\u00f3n de correo electr\u00f3nico ADMIN@GRUPCIF.COM incluyendo en ambos casos una fotocopia de su DNI u otro documento identificativo similar, para ejercitar sus derechos, que son los siguientes:<\/p>\n<ul>\n<li>Derecho a solicitar el acceso a los datos personales: usted podr\u00e1 preguntar a CENTRAL INDUSTRIAL DEL FRED CIF, SL si esta empresa est\u00e1 tratando sus datos.<\/li>\n<li>Derecho a solicitar su rectificaci\u00f3n (en caso de que sean incorrectos) o supresi\u00f3n.<\/li>\n<li>Derecho a solicitar la limitaci\u00f3n de su tratamiento, en cuyo caso \u00fanicamente ser\u00e1n conservados por para el ejercicio o la defensa de reclamaciones.<\/li>\n<li>Derecho a oponerse al tratamiento: CENTRAL INDUSTRIAL DEL FRED CIF, SL dejar\u00e1 de tratar los datos en la forma que usted indique, salvo que por motivos leg\u00edtimos imperiosos o el ejercicio o la defensa de posibles reclamaciones se tengan que seguir tratando.<\/li>\n<li>Derecho a la portabilidad de los datos: en caso de que quiera que sus datos sean tratados por otra firma, CENTRAL INDUSTRIAL DEL FRED CIF, SL le facilitar\u00e1 la portabilidad de sus datos al nuevo responsable.<\/li>\n<\/ul>\n<p><strong>Posibilidad de retirar el consentimiento:<\/strong> en el caso de que se haya otorgado el consentimiento para alguna finalidad espec\u00edfica, usted tiene derecho a retirar el consentimiento en cualquier momento, sin que ello afecte a la licitud del tratamiento basado en el consentimiento previo a su retirada.<\/p>\n<p><strong>C\u00f3mo reclamar ante la Autoridad de Control:<\/strong> Si un usuario considera que hay un problema con la forma en que CENTRAL INDUSTRIAL DEL FRED CIF, SL est\u00e1 manejando sus datos, puede dirigir sus reclamaciones a la autoridad de protecci\u00f3n de datos que corresponda, siendo la Agencia Espa\u00f1ola de Protecci\u00f3n de Datos la indicada en el caso de Espa\u00f1a.<\/p>\n<p>La negativa a proporcionar los datos supondr\u00e1 la no prestaci\u00f3n o la imposibilidad de acceder al servicio para los que eran solicitados. Usted tiene derecho a recibir respuesta a cualquier pregunta, consulta o aclaraci\u00f3n que le surja derivada de este formulario.<\/p>\n<p>Las partes se someten, a su elecci\u00f3n, para la resoluci\u00f3n de los conflictos y con renuncia a cualquier otro fuero, a los juzgados y tribunales del domicilio del propietario del sitio Web.<\/p>\n","protected":false},"excerpt":{"rendered":"<p>Pol\u00edtica de privacidad CENTRAL INDUSTRIAL DEL FRED CIF, SL garantiza  [&#8230;]<\/p>\n","protected":false},"author":1,"featured_media":0,"parent":0,"menu_order":0,"comment_status":"closed","ping_status":"open","template":"","meta":{"footnotes":""},"class_list":["post-3","page","type-page","status-publish","hentry"],"aioseo_notices":[],"_links":{"self":[{"href":"https:\/\/grupcif.com\/es\/wp-json\/wp\/v2\/pages\/3","targetHints":{"allow":["GET"]}}],"collection":[{"href":"https:\/\/grupcif.com\/es\/wp-json\/wp\/v2\/pages"}],"about":[{"href":"https:\/\/grupcif.com\/es\/wp-json\/wp\/v2\/types\/page"}],"author":[{"embeddable":true,"href":"https:\/\/grupcif.com\/es\/wp-json\/wp\/v2\/users\/1"}],"replies":[{"embeddable":true,"href":"https:\/\/grupcif.com\/es\/wp-json\/wp\/v2\/comments?post=3"}],"version-history":[{"count":4,"href":"https:\/\/grupcif.com\/es\/wp-json\/wp\/v2\/pages\/3\/revisions"}],"predecessor-version":[{"id":932,"href":"https:\/\/grupcif.com\/es\/wp-json\/wp\/v2\/pages\/3\/revisions\/932"}],"wp:attachment":[{"href":"https:\/\/grupcif.com\/es\/wp-json\/wp\/v2\/media?parent=3"}],"curies":[{"name":"wp","href":"https:\/\/api.w.org\/{rel}","templated":true}]}}