{"id":399,"date":"2023-12-11T10:15:47","date_gmt":"2023-12-11T10:15:47","guid":{"rendered":"https:\/\/grupcif.com\/?page_id=399"},"modified":"2025-04-10T14:06:23","modified_gmt":"2025-04-10T14:06:23","slug":"politica-de-cookies","status":"publish","type":"page","link":"https:\/\/grupcif.com\/es\/politica-de-cookies\/","title":{"rendered":"Pol\u00edtica de cookies"},"content":{"rendered":"<p><div class=\"fusion-fullwidth fullwidth-box fusion-builder-row-1 fusion-flex-container nonhundred-percent-fullwidth non-hundred-percent-height-scrolling\" style=\"--awb-border-radius-top-left:0px;--awb-border-radius-top-right:0px;--awb-border-radius-bottom-right:0px;--awb-border-radius-bottom-left:0px;--awb-flex-wrap:wrap;\" ><div class=\"fusion-builder-row fusion-row fusion-flex-align-items-flex-start fusion-flex-content-wrap\" style=\"max-width:1331.2px;margin-left: calc(-4% \/ 2 );margin-right: calc(-4% \/ 2 );\"><div class=\"fusion-layout-column fusion_builder_column fusion-builder-column-0 fusion_builder_column_1_1 1_1 fusion-flex-column\" style=\"--awb-bg-size:cover;--awb-width-large:100%;--awb-margin-top-large:0px;--awb-spacing-right-large:1.92%;--awb-margin-bottom-large:0px;--awb-spacing-left-large:1.92%;--awb-width-medium:100%;--awb-spacing-right-medium:1.92%;--awb-spacing-left-medium:1.92%;--awb-width-small:100%;--awb-spacing-right-small:1.92%;--awb-spacing-left-small:1.92%;\"><div class=\"fusion-column-wrapper fusion-flex-justify-content-flex-start fusion-content-layout-column\"><div class=\"fusion-text fusion-text-1\"><h1 style=\"text-align: center;\">Pol\u00edtica de cookies<\/h1>\n<p><strong>CONFIGURACI\u00d3N DE COOKIES<\/strong><\/p>\n<p>Al aceptar las cookies de nuestro \u00abaviso de cookies\u00bb que aparecen en la primera capa, estar\u00e1 consintiendo el uso de las Cookies en las condiciones contenidas en la presente Pol\u00edtica de Cookies. GRUPCIF proporciona acceso a esta Pol\u00edtica de Cookies en el momento del registro con el objetivo de que el usuario est\u00e9 informado, y sin perjuicio de que \u00e9ste pueda ejercer su derecho a bloquear, eliminar y rechazar el uso de Cookies en todo momento. Las cookies que emplea el sitio web s\u00f3lo se asocian con usuarios an\u00f3nimos y su ordenador sin que puedan suministrar, por si mismas, datos personales de aqu\u00e9llos. Las cookies no recogen informaci\u00f3n personal que permita la identificaci\u00f3n de un usuario concreto.<\/p>\n<p>Las cookies que emplea este sitio web son siempre temporales y, en ning\u00fan caso, tendr\u00e1n una vigencia<br \/>\nsuperior a lo establecido por la Ley.<\/p>\n<p>Dado que algunas de las Cookies no son necesarias para el uso de este Sitio Web, se pueden bloquear o deshabilitar activando la configuraci\u00f3n del navegador, que permite rechazar la instalaci\u00f3n de todas las cookies o de algunas de ellas. La pr\u00e1ctica mayor\u00eda de los navegadores permiten advertir de la presencia de Cookies o rechazarlas autom\u00e1ticamente. Si se rechazan, se podr\u00e1 seguir usando el Sitio Web, aunque el uso de algunos de sus servicios podr\u00e1 ser limitado y por tanto la experiencia ser\u00e1 menos satisfactoria.<\/p>\n<p>A continuaci\u00f3n, se indican los enlaces de los principales navegadores y dispositivos para que se pueda disponer de toda la informaci\u00f3n para consultar c\u00f3mo gestionar las cookies en cada navegador:<\/p>\n<ul>\n<li><strong>Internet Explorer\u2122:<\/strong> <a href=\"https:\/\/support.microsoft.com\/es-es\/topic\/eliminar-y-administrar-cookies-168dab11-0753-043d-7c16-ede5947fc64d\" target=\"_blank\" rel=\"noopener\">https:\/\/support.microsoft.com\/es-es\/topic\/eliminar-y-administrar-cookies-168dab11-0753-043d-7c16-ede5947fc64d<\/a><\/li>\n<li><strong>Microsoft Edge\u2122:<\/strong> <a href=\"https:\/\/support.microsoft.com\/es-es\/windows\/microsoft-edge-datos-de-exploraci%C3%B3n-y-privacidadbb8174ba-9d73-dcf2-9b4a-c582b4e640dd\" target=\"_blank\" rel=\"noopener\">https:\/\/support.microsoft.com\/es-es\/windows\/microsoft-edge-datos-de-exploraci%C3%B3n-y-privacidadbb8174ba-9d73-dcf2-9b4a-c582b4e640dd<\/a><\/li>\n<li><strong>Safari\u2122:<\/strong> <a href=\"https:\/\/support.apple.com\/kb\/ph17191?locale=es_ES\" target=\"_blank\" rel=\"noopener\">https:\/\/support.apple.com\/kb\/ph17191?locale=es_ES<\/a><\/li>\n<li><strong>Safari\u2122 para IOS (iPhone, iPad o iPod touch):<\/strong> <a href=\"https:\/\/support.apple.com\/es-es\/HT201265\" target=\"_blank\" rel=\"noopener\">https:\/\/support.apple.com\/es-es\/HT201265<\/a><\/li>\n<li><strong>Chrome\u2122:<\/strong> <a href=\"https:\/\/support.google.com\/chrome\/answer\/95647?hl=es&amp;hlrm=en\" target=\"_blank\" rel=\"noopener\">https:\/\/support.google.com\/chrome\/answer\/95647?hl=es&amp;hlrm=en<\/a><\/li>\n<li><strong>Firefox\u2122:<\/strong> <a href=\"http:\/\/support.mozilla.org\/es\/kb\/cookies-informacion-que-los-sitios-web-guardan-en-?redirectlocale=en-US&amp;redirectslug=Cookies\" target=\"_blank\" rel=\"noopener\">http:\/\/support.mozilla.org\/es\/kb\/cookies-informacion-que-los-sitios-web-guardan-en-?redirectlocale=en-US&amp;redirectslug=Cookies<\/a><\/li>\n<li><strong>Opera\u2122 :<\/strong> <a href=\"https:\/\/www.opera.com\/help\/tutorials\/security\/privacy\/\" target=\"_blank\" rel=\"noopener\">https:\/\/www.opera.com\/help\/tutorials\/security\/privacy\/<\/a><\/li>\n<li><strong>Android:<\/strong> <a href=\"http:\/\/support.google.com\/android\/?hl=es\" target=\"_blank\" rel=\"noopener\">http:\/\/support.google.com\/android\/?hl=es<\/a><\/li>\n<li><strong>Windows Phone:<\/strong> <a href=\"http:\/\/www.windowsphone.com\/es-ES\/how-to\/wp7\/web\/changing-privacy-and-other-browser-settings\" target=\"_blank\" rel=\"noopener\">http:\/\/www.windowsphone.com\/es-ES\/how-to\/wp7\/web\/changing-privacy-and-other-browser-settings<\/a><\/li>\n<\/ul>\n<p>Para informaci\u00f3n adicional sobre c\u00f3mo configurar las Cookies detallada por proveedor o administrar las preferencias, se puede visitar el portal \u00abYour Online Choices\u00bb.<\/p>\n<p><a href=\"https:\/\/www.youronlinechoices.com\/es\/preferencias\/\" target=\"_blank\" rel=\"noopener\">https:\/\/www.youronlinechoices.com\/es\/preferencias\/<\/a><\/p>\n<p><strong>DESCRIPCI\u00d3N Y FINALIDAD<\/strong><\/p>\n<p>Las Cookies son archivos de datos creados por el sitio web y almacenados previa aceptaci\u00f3n del usuario en el navegador o en su dispositivo durante el recorrido por las p\u00e1ginas o por la aplicaci\u00f3n, y sirven para almacenar informaci\u00f3n sobre la visita. Como la mayor\u00eda de los sitios en Internet, los portales web deben:<\/p>\n<ul>\n<li>Asegurar que las p\u00e1ginas web pueden funcionar correctamente.<\/li>\n<li>Almacenar las preferencias, como el idioma seleccionado o el tama\u00f1o de letra.<\/li>\n<li>Mejorar la experiencia de navegaci\u00f3n del usuario.<\/li>\n<li>Recopilar informaci\u00f3n estad\u00edstica an\u00f3nima, como las p\u00e1ginas que se han visitado o el tiempo que ha durado la conexi\u00f3n.<\/li>\n<\/ul>\n<p>El uso de Cookies nos permite optimizar la navegaci\u00f3n, adaptando la informaci\u00f3n y los servicios ofrecidos a los intereses del usuario, para proporcionar una mejor experiencia siempre que visite la p\u00e1gina.<\/p>\n<p>Las Cookies se asocian \u00fanicamente a un usuario an\u00f3nimo y su ordenador\/dispositivo y no proporcionan referencias que permitan conocer datos personales. En todo momento, el usuario podr\u00e1 acceder a la configuraci\u00f3n de su navegador para modificar y\/o bloquear la instalaci\u00f3n de las Cookies enviadas por los sitios web de www.grupcif.com. Los usuarios que completen el proceso de registro o hayan iniciado sesi\u00f3n con sus datos de acceso podr\u00e1n acceder a servicios personalizados y adaptados a sus preferencias seg\u00fan la informaci\u00f3n personal suministrada en el momento del registro y la almacenada en la Cookie de su navegador.<\/p>\n<p><strong>Google Analytics<\/strong> almacena cookies para poder elaborar estad\u00edsticas sobre el tr\u00e1fico y volumen de visitas de esta web. Al utilizar este sitio web est\u00e1 consintiendo el tratamiento de informaci\u00f3n acerca de usted por Google. Por tanto, el ejercicio de cualquier derecho en este sentido deber\u00e1 hacerlo comunicando directamente con Google. Las cookies de Google Analytics, se almacenan en servidores ubicados en Estados Unidos y se compromete a no compartirla con terceros, excepto en los casos en los que sea necesario para el funcionamiento del sistema o cuando la ley obligue a tal efecto. Seg\u00fan Google, no guarda su direcci\u00f3n IP.<\/p>\n<p>Google Inc. es una compa\u00f1\u00eda adherida a \u201cPrivacy Shield\u201d (escudo de privacidad) que garantiza que todos los datos transferidos ser\u00e1n tratados con un nivel de protecci\u00f3n acorde a la normativa europea. Puede consultar la informaci\u00f3n detallada a esta normativa a trav\u00e9s del siguiente enlace:<\/p>\n<p><a href=\"https:\/\/support.google.com\/analytics\/answer\/6004245\" target=\"_blank\" rel=\"noopener\">https:\/\/support.google.com\/analytics\/answer\/6004245<\/a><\/p>\n<p>Si lo desea puede utilizar el Complemento de inhabilitaci\u00f3n para navegadores de Google Analytics a trav\u00e9s de cuyas instrucciones pueden rechazarse las cookies anal\u00edticas de dicho servicio en todos los navegadores. Puede consultar m\u00e1s informaci\u00f3n al respecto en el siguiente enlace:<\/p>\n<p><a href=\"https:\/\/tools.google.com\/dlpage\/gaoptout\" target=\"_blank\" rel=\"noopener\">https:\/\/tools.google.com\/dlpage\/gaoptout<\/a><\/p>\n<p><strong>UTILIDAD<\/strong><\/p>\n<ul>\n<li>Desde un punto de vista t\u00e9cnico, permite que los sitios web funcionen de forma m\u00e1s \u00e1gil y adaptada a las preferencias de los usuarios, como por ejemplo almacenar el idioma, la moneda del pa\u00eds o detectar el dispositivo de acceso.<\/li>\n<li>Establecen niveles de protecci\u00f3n y seguridad que impiden o dificultan ciberataques contra el sitio web o sus usuarios.<\/li>\n<li>Permiten que los gestores de los medios puedan conocer los datos estad\u00edsticos recopilados en las Cookies para mejorar la calidad y experiencia de sus servicios.<\/li>\n<li>Sirven para optimizar la publicidad que se muestra a los usuarios, ofreciendo la que m\u00e1s se<br \/>\najusta a sus intereses.<\/li>\n<\/ul>\n<p><strong>TIPOS DE COOKIES<\/strong><\/p>\n<p><strong>Seg\u00fan la entidad que las gestione<\/strong><\/p>\n<ul>\n<li><strong>Cookies propias:<\/strong> Son aquellas que se recaban por el propio editor para prestar el servicio solicitado por el usuario.<\/li>\n<li><strong>Cookies de tercero:<\/strong> Son aquellas que son recabadas y gestionadas por un tercero, estas no se pueden considerar propias.<\/li>\n<\/ul>\n<p><strong>Seg\u00fan el plazo de tiempo que permanezcan activadas<\/strong><\/p>\n<ul>\n<li><strong>Cookies de sesi\u00f3n:<\/strong> Recaban datos mientras el usuario navega por la red con la finalidad de prestar el servicio solicitado.<\/li>\n<li><strong>Cookies persistentes:<\/strong> Se almacenan en el terminal y la informaci\u00f3n obtenida, ser\u00e1 utilizada por el responsable de la cookie con la finalidad de prestar el servicio solicitado.<\/li>\n<\/ul>\n<p><strong>Seg\u00fan su finalidad<\/strong><\/p>\n<ul>\n<li><strong>Cookies t\u00e9cnicas:<\/strong> Son las necesarias para la correcta navegaci\u00f3n por la web.<\/li>\n<li><strong>Cookies de personalizaci\u00f3n:<\/strong> Permiten al usuario las caracter\u00edsticas (idioma) para la navegaci\u00f3n por la p\u00e1gina web.<\/li>\n<li><strong>Cookies de an\u00e1lisis:<\/strong> Permiten al prestador el an\u00e1lisis vinculado a la navegaci\u00f3n realizada por el usuario, con la finalidad de llevar un seguimiento de uso de la p\u00e1gina web, as\u00ed como realizar estad\u00edsticas de los contenidos m\u00e1s visitados, n\u00famero de visitantes, etc.<\/li>\n<li><strong>Cookies publicitarias:<\/strong> Permiten al editor incluir en la web, espacios publicitarios, seg\u00fan el contenido de la propia web.<\/li>\n<li><strong>Cookies de publicidad comportamental:<\/strong> Permiten al editor incluir en la p\u00e1gina web espacios publicitarios seg\u00fan la informaci\u00f3n obtenida a trav\u00e9s de los h\u00e1bitos de navegaci\u00f3n del usuario.<\/li>\n<\/ul>\n<\/div><\/div><\/div><\/div><\/div><div class=\"fusion-fullwidth fullwidth-box fusion-builder-row-2 fusion-flex-container has-pattern-background has-mask-background nonhundred-percent-fullwidth non-hundred-percent-height-scrolling fusion-no-small-visibility\" style=\"--awb-border-radius-top-left:0px;--awb-border-radius-top-right:0px;--awb-border-radius-bottom-right:0px;--awb-border-radius-bottom-left:0px;--awb-flex-wrap:wrap;\" ><div class=\"fusion-builder-row fusion-row fusion-flex-align-items-flex-start fusion-flex-content-wrap\" style=\"max-width:1331.2px;margin-left: calc(-4% \/ 2 );margin-right: calc(-4% \/ 2 );\"><div class=\"fusion-layout-column fusion_builder_column fusion-builder-column-1 fusion_builder_column_1_1 1_1 fusion-flex-column\" style=\"--awb-bg-size:cover;--awb-width-large:100%;--awb-margin-top-large:0px;--awb-spacing-right-large:1.92%;--awb-margin-bottom-large:20px;--awb-spacing-left-large:1.92%;--awb-width-medium:100%;--awb-order-medium:0;--awb-spacing-right-medium:1.92%;--awb-spacing-left-medium:1.92%;--awb-width-small:100%;--awb-order-small:0;--awb-spacing-right-small:1.92%;--awb-spacing-left-small:1.92%;\"><div class=\"fusion-column-wrapper fusion-column-has-shadow fusion-flex-justify-content-flex-start fusion-content-layout-column\"><div class=\"fusion-text fusion-text-2\"><table>\n<tbody>\n<tr>\n<td colspan=\"6\"><strong>Relaci\u00f3n de cookies empleadas en el dominio<\/strong> www.grupcif.com<\/td>\n<\/tr>\n<tr>\n<td style=\"text-align: center;\" colspan=\"6\"><strong>COOKIES DE TERCEROS<\/strong><\/td>\n<\/tr>\n<tr>\n<td style=\"text-align: center;\"><strong>Servidor desde el que se env\u00eda<\/strong><\/td>\n<td style=\"text-align: center;\"><strong>Nombre<\/strong><\/td>\n<td style=\"text-align: center;\"><strong>Proveedor<\/strong><\/td>\n<td style=\"text-align: center;\"><strong>Finalidad<\/strong><\/td>\n<td style=\"text-align: center;\"><strong>Caducidad<\/strong><\/td>\n<td style=\"text-align: center;\"><strong>Excluida\/No Excluida (del deber de la informaci\u00f3n y consentimiento)<\/strong><\/td>\n<\/tr>\n<tr>\n<td>.google.com<\/td>\n<td>_ga<\/td>\n<td>Google Analytics<\/td>\n<td>Anal\u00edtica (servicio Google Analytics): Se usa para distinguir a los usuarios. Utilizamos cookies de Google Analytics embebidas en nuestro sitio web para recopilar informaci\u00f3n acerca de c\u00f3mo los visitantes navegan en nuestro sitio web. Utilizamos la informaci\u00f3n para elaborar informes y ayudar a mejorar el sitio.<\/p>\n<p>Las cookies recopilan informaci\u00f3n de forma an\u00f3nima, incluyendo el n\u00famero de visitantes, de donde vienen y las p\u00e1ginas que han visitado en nuestra web.<\/td>\n<td>Persistente (dos a\u00f1os)<\/td>\n<td>NO<\/td>\n<\/tr>\n<tr>\n<td>.google.com<\/td>\n<td>_gat<\/td>\n<td>Google Analytics<\/td>\n<td>Anal\u00edtica (servicio Google Analytics): Se usa para limitar el porcentaje de solicitudes. Utilizamos cookies de Google Analytics embebidas en nuestro sitio web para recopilar informaci\u00f3n acerca de c\u00f3mo los visitantes navegan en nuestro sitio web. Utilizamos la informaci\u00f3n para elaborar informes y ayudar a mejorar el sitio. Las cookies recopilan informaci\u00f3n de forma an\u00f3nima, incluyendo el n\u00famero de visitantes, de donde vienen y las p\u00e1ginas que han visitado en nuestra web.<\/td>\n<td>Persistente (diez minutos)<\/td>\n<td>NO<\/td>\n<\/tr>\n<tr>\n<td>.google.com<\/td>\n<td>_gid<\/td>\n<td>Google Analytics<\/td>\n<td>Anal\u00edtica (servicio Google Analytics): Se usa para distinguir a los usuarios. Utilizamos cookies de Google Analytics embebidas en nuestro sitio web para recopilar informaci\u00f3n acerca de c\u00f3mo los visitantes navegan en nuestro sitio web.<\/p>\n<p>Utilizamos la informaci\u00f3n para elaborar informes y ayudar a mejorar el sitio. Las cookies recopilan informaci\u00f3n de forma an\u00f3nima, incluyendo el n\u00famero de visitantes, de donde vienen y las p\u00e1ginas que han visitado en nuestra web.<\/td>\n<td>Persistente (1 d\u00eda)<\/td>\n<td>NO<\/td>\n<\/tr>\n<tr>\n<td>.google.com<\/td>\n<td>rc::a \/ rc::d-#<\/td>\n<td>Google<\/td>\n<td>Google reCAPTCHA utiliza estas cookies para distinguir entre humanos y bots. Esto es beneficioso para el sitio web, tanto para filtrar posibles acciones de bots como para realizar informes v\u00e1lidos sobre el uso del sitio web.<\/td>\n<td>Persistente<\/td>\n<td>NO<\/td>\n<\/tr>\n<tr>\n<td>.google.com<\/td>\n<td>rc::b \/ rc::c<\/td>\n<td>Google<\/td>\n<td>Google reCAPTCHA utiliza estas cookies para distinguir entre humanos y bots.<\/td>\n<td>De sesi\u00f3n<\/td>\n<td>NO<\/td>\n<\/tr>\n<tr>\n<td>.google.com<\/td>\n<td>_GRECAPTCHA<\/td>\n<td>Google<\/td>\n<td>Google reCAPTCHA utiliza esta cookie para distinguir entre humanos y bots.<\/td>\n<td>179 d\u00edas<\/td>\n<td>NO<\/td>\n<\/tr>\n<tr>\n<td>.google.com<\/td>\n<td>_grecaptcha<\/td>\n<td>Google<\/td>\n<td>Google reCAPTCHA utiliza estas cookies para distinguir entre humanos y bots.<\/td>\n<td>Persistente<\/td>\n<td>NO<\/td>\n<\/tr>\n<tr>\n<td style=\"text-align: center;\" colspan=\"6\"><strong>COOKIES PROPIAS<\/strong><\/td>\n<\/tr>\n<tr>\n<td>.grupcif.com<\/td>\n<td>cmplz_policy_id, cmplz_banner_status<\/td>\n<td><\/td>\n<td>Cookies t\u00e9cnicas usadas para almacenar el estado de consentimiento de cookies del usuario para el dominio actual.<\/td>\n<td>Persistente (1 a\u00f1o)<\/td>\n<td>SI<\/td>\n<\/tr>\n<tr>\n<td>.grupcif.com<\/td>\n<td>cmplz_consented_services,\u00a0 cmplz_functional, cmplz_marketing, cmplz_preferences, cmplz_statistics<\/td>\n<td><\/td>\n<td>Cookies t\u00e9cnicas usadas para almacenar las preferencias de consentimiento de cookies del usuario para el dominio actual.<\/td>\n<td>30 d\u00edas<\/td>\n<td>SI<\/td>\n<\/tr>\n<\/tbody>\n<\/table>\n<\/div><\/div><\/div><\/div><\/div><div class=\"fusion-fullwidth fullwidth-box fusion-builder-row-3 fusion-flex-container has-pattern-background has-mask-background nonhundred-percent-fullwidth non-hundred-percent-height-scrolling fusion-no-medium-visibility fusion-no-large-visibility\" style=\"--awb-border-radius-top-left:0px;--awb-border-radius-top-right:0px;--awb-border-radius-bottom-right:0px;--awb-border-radius-bottom-left:0px;--awb-flex-wrap:wrap;\" ><div class=\"fusion-builder-row fusion-row fusion-flex-align-items-flex-start fusion-flex-content-wrap\" style=\"max-width:1331.2px;margin-left: calc(-4% \/ 2 );margin-right: calc(-4% \/ 2 );\"><div class=\"fusion-layout-column fusion_builder_column fusion-builder-column-2 fusion_builder_column_1_1 1_1 fusion-flex-column\" style=\"--awb-bg-size:cover;--awb-width-large:100%;--awb-margin-top-large:0px;--awb-spacing-right-large:1.92%;--awb-margin-bottom-large:20px;--awb-spacing-left-large:1.92%;--awb-width-medium:100%;--awb-order-medium:0;--awb-spacing-right-medium:1.92%;--awb-spacing-left-medium:1.92%;--awb-width-small:100%;--awb-order-small:0;--awb-spacing-right-small:1.92%;--awb-spacing-left-small:1.92%;\"><div class=\"fusion-column-wrapper fusion-column-has-shadow fusion-flex-justify-content-flex-start fusion-content-layout-column\"><div class=\"fusion-text fusion-text-3\"><p><strong>Relaci\u00f3n de cookies empleadas en el dominio<\/strong> www.grupcif.com<\/p>\n<p><strong>Cookies propias<\/strong><\/p>\n<ul>\n<li><strong>cmplz_policy_id, cmplz_banner_status<\/strong><br \/>\nServidor desde el que se env\u00eda: .grupcif.com<br \/>\nFinalidad: Cookies t\u00e9cnicas usadas para almacenar el estado de consentimiento de cookies del usuario para el dominio actual.<br \/>\nExpira: al a\u00f1o<\/li>\n<li><strong>cmplz_consented_services,\u00a0 cmplz_functional, cmplz_marketing, cmplz_preferences, cmplz_statistics<\/strong><br \/>\nServidor desde el que se env\u00eda: .grupcif.com<br \/>\nFinalidad: Cookies t\u00e9cnicas usadas para almacenar las preferencias de consentimiento de cookies del usuario para el dominio actual.<br \/>\nExpira: a los 30 d\u00edas<\/li>\n<\/ul>\n<p><strong>Cookies de terceros\u00a0<\/strong><\/p>\n<ul>\n<li><b>_ga<\/b><br \/>\nServidor desde el que se env\u00eda: .google.com<br \/>\nFinalidad: Anal\u00edtica (servicio Google Analytics): Se usa para distinguir a los usuarios. Utilizamos cookies de Google Analytics embebidas en nuestro sitio web para recopilar informaci\u00f3n acerca de c\u00f3mo los visitantes navegan en nuestro sitio web. Utilizamos la informaci\u00f3n para elaborar informes y ayudar a mejorar el sitio.<br \/>\nLas cookies recopilan informaci\u00f3n de forma an\u00f3nima, incluyendo el n\u00famero de visitantes, de donde vienen y las p\u00e1ginas que han visitado en nuestra web.<br \/>\nExpira: a los 2 a\u00f1os<\/li>\n<li><b>_gat<\/b><br \/>\nServidor desde el que se env\u00eda: .google.com<br \/>\nFinalidad: Anal\u00edtica (servicio Google Analytics): Se usa para limitar el porcentaje de solicitudes. Utilizamos cookies de Google Analytics embebidas en nuestro sitio web para recopilar informaci\u00f3n acerca de c\u00f3mo los visitantes navegan en nuestro sitio web. Utilizamos la informaci\u00f3n para elaborar informes y ayudar a mejorar el sitio. Las cookies recopilan informaci\u00f3n de forma an\u00f3nima, incluyendo el n\u00famero de visitantes, de donde vienen y las p\u00e1ginas que han visitado en nuestra web.<br \/>\nExpira: al finalizar la sesi\u00f3n<\/li>\n<li><b>_gid<\/b><br \/>\nServidor desde el que se env\u00eda: .google.com<br \/>\nFinalidad: Anal\u00edtica (servicio Google Analytics): Se usa para distinguir a los usuarios. Utilizamos cookies de Google Analytics embebidas en nuestro sitio web para recopilar informaci\u00f3n acerca de c\u00f3mo los visitantes navegan en nuestro sitio web.<br \/>\nUtilizamos la informaci\u00f3n para elaborar informes y ayudar a mejorar el sitio. Las cookies recopilan informaci\u00f3n de forma an\u00f3nima, incluyendo el n\u00famero de visitantes, de donde vienen y las p\u00e1ginas que han visitado en nuestra web.<br \/>\nExpira: a las 24 horas<\/li>\n<li><strong>rc::a \/ rc::d-#<\/strong><br \/>\nServidor desde el que se env\u00eda: .google.com<br \/>\nFinalidad: Google reCAPTCHA utiliza estas cookies para distinguir entre humanos y bots. Esto es beneficioso para el sitio web, tanto para filtrar posibles acciones de bots como para realizar informes v\u00e1lidos sobre el uso del sitio web.<br \/>\nExpira: Persistente<\/li>\n<li><b>rc::b \/ rc::c<\/b><br \/>\nServidor desde el que se env\u00eda: .google.com<br \/>\nFinalidad: Google reCAPTCHA utiliza estas cookies para distinguir entre humanos y bots.<br \/>\nExpira: al finalizar la sesi\u00f3n<\/li>\n<li><strong>_GRECAPTCHA<\/strong><br \/>\nServidor desde el que se env\u00eda: .google.com<br \/>\nFinalidad: Google reCAPTCHA utiliza esta cookie para distinguir entre humanos y bots.<br \/>\nExpira: a los 179 d\u00edas<\/li>\n<li><strong>_grecaptcha<\/strong><br \/>\nServidor desde el que se env\u00eda: .google.com<br \/>\nFinalidad: Google reCAPTCHA utiliza esta cookie para distinguir entre humanos y bots.<br \/>\nExpira: Persistente<\/li>\n<\/ul>\n<\/div><\/div><\/div><\/div><\/div><\/p>\n","protected":false},"excerpt":{"rendered":"","protected":false},"author":1,"featured_media":0,"parent":0,"menu_order":0,"comment_status":"closed","ping_status":"closed","template":"100-width.php","meta":{"footnotes":""},"class_list":["post-399","page","type-page","status-publish","hentry"],"aioseo_notices":[],"_links":{"self":[{"href":"https:\/\/grupcif.com\/es\/wp-json\/wp\/v2\/pages\/399","targetHints":{"allow":["GET"]}}],"collection":[{"href":"https:\/\/grupcif.com\/es\/wp-json\/wp\/v2\/pages"}],"about":[{"href":"https:\/\/grupcif.com\/es\/wp-json\/wp\/v2\/types\/page"}],"author":[{"embeddable":true,"href":"https:\/\/grupcif.com\/es\/wp-json\/wp\/v2\/users\/1"}],"replies":[{"embeddable":true,"href":"https:\/\/grupcif.com\/es\/wp-json\/wp\/v2\/comments?post=399"}],"version-history":[{"count":4,"href":"https:\/\/grupcif.com\/es\/wp-json\/wp\/v2\/pages\/399\/revisions"}],"predecessor-version":[{"id":952,"href":"https:\/\/grupcif.com\/es\/wp-json\/wp\/v2\/pages\/399\/revisions\/952"}],"wp:attachment":[{"href":"https:\/\/grupcif.com\/es\/wp-json\/wp\/v2\/media?parent=399"}],"curies":[{"name":"wp","href":"https:\/\/api.w.org\/{rel}","templated":true}]}}